{"id":145,"date":"2021-10-11T10:41:48","date_gmt":"2021-10-11T08:41:48","guid":{"rendered":"https:\/\/cxn.fr\/?page_id=145"},"modified":"2025-05-11T18:49:16","modified_gmt":"2025-05-11T16:49:16","slug":"brindas","status":"publish","type":"page","link":"https:\/\/cxn.fr\/?page_id=145","title":{"rendered":"Brindas"},"content":{"rendered":"\n<h2 class=\"wp-block-heading\">Veuillez s\u00e9lectionner une page<\/h2>\n\n\n\n<h2 class=\"wp-block-heading has-vivid-red-color has-text-color has-link-color wp-elements-8ddb622eb686344c686ae0c0deaa66c3\"><a href=\"https:\/\/cxn.fr\/?page_id=388\">PMZ (armoire fibre) Orange Brindas<\/a><\/h2>\n\n\n\n<h2 class=\"wp-block-heading has-vivid-red-color has-text-color has-link-color wp-elements-e253393a1e15bba1974016eb8fd30c10\"><a href=\"https:\/\/cxn.fr\/?page_id=370\">Cession du r\u00e9seau c\u00e2bl\u00e9 \u00c9PARI<\/a><\/h2>\n\n\n\n<h2 class=\"wp-block-heading has-vivid-red-color has-text-color has-link-color wp-elements-2e21fa60e21e99f188ef9006b779392a\"><a href=\"https:\/\/cxn.fr\/?page_id=71\">Brindas Fibre<\/a><\/h2>\n\n\n\n<h2 class=\"wp-block-heading has-vivid-red-color has-text-color has-link-color wp-elements-01be2bebeb82d6db20e6fc860e312d6d\"><a href=\"https:\/\/cxn.fr\/?page_id=151\">Brindas C\u00e2ble<\/a><\/h2>\n\n\n\n<h2 class=\"wp-block-heading has-vivid-red-color has-text-color has-link-color wp-elements-bbc6323563ad4fef293f9895d346f65d\"><a href=\"https:\/\/cxn.fr\/?page_id=185\">Brindas Antenne<\/a><\/h2>\n\n\n\n<h2 class=\"wp-block-heading has-vivid-red-color has-text-color has-link-color wp-elements-203fc99a154ebab6580b89600d3e2123\"><a href=\"https:\/\/cxn.fr\/?page_id=193\">Brindas DAB+<\/a><\/h2>\n\n\n\n<h2 class=\"wp-block-heading has-vivid-red-color has-text-color has-link-color wp-elements-ca062cec3bc884e0709e904d8be6b313\"><a href=\"https:\/\/cxn.fr\/?page_id=212\">Dommages r\u00e9seaux<\/a><\/h2>\n\n\n\n<h2 class=\"wp-block-heading has-vivid-red-color has-text-color has-link-color wp-elements-8efa54adb6652acbba3adbf889a3bad6\"><a href=\"https:\/\/cxn.fr\/?page_id=203\">Nous contacter<\/a><\/h2>\n","protected":false},"excerpt":{"rendered":"<p>Veuillez s\u00e9lectionner une page PMZ (armoire fibre) Orange Brindas Cession du r\u00e9seau c\u00e2bl\u00e9 \u00c9PARI Brindas Fibre Brindas C\u00e2ble Brindas Antenne Brindas DAB+ Dommages r\u00e9seaux Nous contacter<\/p>\n","protected":false},"author":1,"featured_media":0,"parent":0,"menu_order":0,"comment_status":"closed","ping_status":"closed","template":"","meta":{"jetpack_post_was_ever_published":false,"footnotes":""},"class_list":["post-145","page","type-page","status-publish","hentry"],"jetpack-related-posts":[],"jetpack_sharing_enabled":true,"_links":{"self":[{"href":"https:\/\/cxn.fr\/index.php?rest_route=\/wp\/v2\/pages\/145","targetHints":{"allow":["GET"]}}],"collection":[{"href":"https:\/\/cxn.fr\/index.php?rest_route=\/wp\/v2\/pages"}],"about":[{"href":"https:\/\/cxn.fr\/index.php?rest_route=\/wp\/v2\/types\/page"}],"author":[{"embeddable":true,"href":"https:\/\/cxn.fr\/index.php?rest_route=\/wp\/v2\/users\/1"}],"replies":[{"embeddable":true,"href":"https:\/\/cxn.fr\/index.php?rest_route=%2Fwp%2Fv2%2Fcomments&post=145"}],"version-history":[{"count":9,"href":"https:\/\/cxn.fr\/index.php?rest_route=\/wp\/v2\/pages\/145\/revisions"}],"predecessor-version":[{"id":484,"href":"https:\/\/cxn.fr\/index.php?rest_route=\/wp\/v2\/pages\/145\/revisions\/484"}],"wp:attachment":[{"href":"https:\/\/cxn.fr\/index.php?rest_route=%2Fwp%2Fv2%2Fmedia&parent=145"}],"curies":[{"name":"wp","href":"https:\/\/api.w.org\/{rel}","templated":true}]}}