{"id":185,"date":"2021-10-11T15:23:23","date_gmt":"2021-10-11T13:23:23","guid":{"rendered":"https:\/\/cxn.fr\/?page_id=185"},"modified":"2025-05-11T19:56:52","modified_gmt":"2025-05-11T17:56:52","slug":"brindas-antenne","status":"publish","type":"page","link":"https:\/\/cxn.fr\/?page_id=185","title":{"rendered":"Brindas Antenne"},"content":{"rendered":"\n<h2 class=\"wp-block-heading\">Vous voulez savoir o\u00f9 sont les antennes-relais pr\u00e8s de chez vous ?<\/h2>\n\n\n\n<p>Allez sur : <a href=\"https:\/\/www.cartoradio.fr\/\" target=\"_blank\" rel=\"noreferrer noopener\"><strong><mark style=\"background-color:rgba(0, 0, 0, 0)\" class=\"has-inline-color has-vivid-red-color\">https:\/\/www.cartoradio.fr\/<\/mark><\/strong><\/a> puis tapez votre adresse pour voir les antennes-relais.<\/p>\n\n\n\n<p><\/p>\n\n\n\n<h2 class=\"wp-block-heading\">Vous voulez faire une demande de mesure de l&rsquo;exposition aux ondes \u00e9lectromagn\u00e9tiques ?<\/h2>\n\n\n\n<p>Allez sur : <a href=\"https:\/\/mesures.anfr.fr\/\" data-type=\"URL\" data-id=\"https:\/\/mesures.anfr.fr\/\" target=\"_blank\" rel=\"noreferrer noopener\"><strong><mark style=\"background-color:rgba(0, 0, 0, 0)\" class=\"has-inline-color has-vivid-red-color\">https:\/\/mesures.anfr.fr\/<\/mark><\/strong><\/a><\/p>\n\n\n\n<p><strong>Ce t\u00e9l\u00e9service permet \u00e0 toute personne qui le souhaite de demander gratuitement une mesure de l&rsquo;exposition aux ondes \u00e9lectromagn\u00e9tiques soit dans les locaux d&rsquo;habitation, soit dans les lieux accessibles au public. Il n&rsquo;est pas applicable pour les ondes \u00e9mises par les lignes \u00e9lectriques, notamment les lignes \u00e0 haute tension.<\/strong><\/p>\n\n\n\n<h2 class=\"wp-block-heading\">Vous souhaitez orienter votre antenne de t\u00e9l\u00e9vision ?<\/h2>\n\n\n\n<p>Aller sur : <a href=\"https:\/\/www.matnt.tdf.fr\/\" target=\"_blank\" rel=\"noreferrer noopener\"><strong><mark style=\"background-color:rgba(0, 0, 0, 0)\" class=\"has-inline-color has-vivid-red-color\">https:\/\/www.matnt.tdf.fr\/<\/mark><\/strong><\/a> puis tapez votre adresse pour conna\u00eetre l&rsquo;orientation de votre antenne.<\/p>\n\n\n\n<h2 class=\"wp-block-heading\">Pour les informations concernant la radio num\u00e9rique terrestre DAB+ rejoignez la page suivante : <a href=\"https:\/\/cxn.fr\/?page_id=193\" data-type=\"URL\" data-id=\"https:\/\/cxn.fr\/?page_id=193\" target=\"_blank\" rel=\"noreferrer noopener\"><mark style=\"background-color:rgba(0, 0, 0, 0)\" class=\"has-inline-color has-vivid-red-color\">Brindas DAB+<\/mark><\/a><\/h2>\n","protected":false},"excerpt":{"rendered":"<p>Vous voulez savoir o\u00f9 sont les antennes-relais pr\u00e8s de chez vous ? Allez sur : https:\/\/www.cartoradio.fr\/ puis tapez votre adresse pour voir les antennes-relais. Vous voulez faire une demande de mesure de l&rsquo;exposition aux ondes \u00e9lectromagn\u00e9tiques ? Allez sur : https:\/\/mesures.anfr.fr\/ Ce t\u00e9l\u00e9service permet \u00e0 toute personne qui le souhaite de demander gratuitement une mesure [&hellip;]<\/p>\n","protected":false},"author":1,"featured_media":0,"parent":145,"menu_order":3,"comment_status":"closed","ping_status":"closed","template":"","meta":{"jetpack_post_was_ever_published":false,"footnotes":""},"class_list":["post-185","page","type-page","status-publish","hentry"],"jetpack-related-posts":[],"jetpack_sharing_enabled":true,"_links":{"self":[{"href":"https:\/\/cxn.fr\/index.php?rest_route=\/wp\/v2\/pages\/185","targetHints":{"allow":["GET"]}}],"collection":[{"href":"https:\/\/cxn.fr\/index.php?rest_route=\/wp\/v2\/pages"}],"about":[{"href":"https:\/\/cxn.fr\/index.php?rest_route=\/wp\/v2\/types\/page"}],"author":[{"embeddable":true,"href":"https:\/\/cxn.fr\/index.php?rest_route=\/wp\/v2\/users\/1"}],"replies":[{"embeddable":true,"href":"https:\/\/cxn.fr\/index.php?rest_route=%2Fwp%2Fv2%2Fcomments&post=185"}],"version-history":[{"count":7,"href":"https:\/\/cxn.fr\/index.php?rest_route=\/wp\/v2\/pages\/185\/revisions"}],"predecessor-version":[{"id":502,"href":"https:\/\/cxn.fr\/index.php?rest_route=\/wp\/v2\/pages\/185\/revisions\/502"}],"up":[{"embeddable":true,"href":"https:\/\/cxn.fr\/index.php?rest_route=\/wp\/v2\/pages\/145"}],"wp:attachment":[{"href":"https:\/\/cxn.fr\/index.php?rest_route=%2Fwp%2Fv2%2Fmedia&parent=185"}],"curies":[{"name":"wp","href":"https:\/\/api.w.org\/{rel}","templated":true}]}}