{"id":193,"date":"2021-10-11T16:10:56","date_gmt":"2021-10-11T14:10:56","guid":{"rendered":"https:\/\/cxn.fr\/?page_id=193"},"modified":"2025-05-18T22:22:14","modified_gmt":"2025-05-18T20:22:14","slug":"brindas-dab","status":"publish","type":"page","link":"https:\/\/cxn.fr\/?page_id=193","title":{"rendered":"Brindas DAB+"},"content":{"rendered":"\n<h2 class=\"wp-block-heading\">Qu&rsquo;est-ce que la radio num\u00e9rique terrestre en DAB+?<\/h2>\n\n\n\n<p>Le\u00a0<strong>DAB+<\/strong>\u00a0(Digital Audio Broadcasting Plus) est la version\u00a0<strong>num\u00e9rique de la radio FM<\/strong>, \u00e9galement appel\u00e9e\u00a0<strong>radio num\u00e9rique terrestre<\/strong>\u00a0ou\u00a0<strong>RNT<\/strong>. Elle permet d\u2019\u00e9couter la radio\u00a0<strong>gratuitement, sans connexion Internet<\/strong>, via les ondes hertziennes. D\u00e9j\u00e0 largement d\u00e9ploy\u00e9e en Europe, cette technologie est en plein d\u00e9veloppement en France.<\/p>\n\n\n\n<p>Plus d&rsquo;informations : <a href=\"https:\/\/cxn.fr\/?p=527\"><strong><mark style=\"background-color:rgba(0, 0, 0, 0)\" class=\"has-inline-color has-vivid-red-color\">https:\/\/cxn.fr\/?p=527<\/mark><\/strong><\/a><\/p>\n\n\n\n<p>Le DAB+ offre un meilleur confort compar\u00e9 \u00e0 la FM, fini les gr\u00e9sillements et les fr\u00e9quences de radio qui se chevauchent.<\/p>\n\n\n\n<h2 class=\"wp-block-heading\">Voici les radios num\u00e9riques que vous pouvez recevoir avec une radio ou un autoradio compatible avec la norme DAB+<\/h2>\n\n\n\n<ul class=\"wp-block-list\">\n<li>Ado&nbsp;&nbsp;&nbsp;&nbsp;<\/li>\n\n\n\n<li>Africa radio&nbsp;&nbsp;&nbsp;&nbsp;<\/li>\n\n\n\n<li>Air Zen<\/li>\n\n\n\n<li>BFM Business&nbsp;<\/li>\n\n\n\n<li>BFM radio&nbsp;&nbsp;&nbsp;&nbsp;&nbsp;&nbsp;<\/li>\n\n\n\n<li>Chante France<\/li>\n\n\n\n<li>Ch\u00e9rie FM&nbsp;&nbsp;&nbsp;&nbsp;&nbsp;&nbsp;<\/li>\n\n\n\n<li>Couleurs FM&nbsp;&nbsp;<\/li>\n\n\n\n<li>Crooner radio<\/li>\n\n\n\n<li>Euradio&nbsp;&nbsp;&nbsp;&nbsp;&nbsp;&nbsp;&nbsp;&nbsp;&nbsp;&nbsp;<\/li>\n\n\n\n<li>Europe 1&nbsp;&nbsp;&nbsp;&nbsp;&nbsp;&nbsp;&nbsp;&nbsp;<\/li>\n\n\n\n<li>Europe 2&nbsp;&nbsp;&nbsp;&nbsp;&nbsp;&nbsp;&nbsp;&nbsp;<\/li>\n\n\n\n<li>FIP&nbsp;&nbsp;&nbsp;&nbsp;&nbsp;&nbsp;<\/li>\n\n\n\n<li>France culture<\/li>\n\n\n\n<li>France info&nbsp;&nbsp;&nbsp;&nbsp;&nbsp;<\/li>\n\n\n\n<li>France inter&nbsp;&nbsp;&nbsp;<\/li>\n\n\n\n<li>France Maghreb 2&nbsp;&nbsp;&nbsp;&nbsp;&nbsp;<\/li>\n\n\n\n<li>France musique&nbsp;&nbsp;&nbsp;&nbsp;&nbsp;&nbsp;&nbsp;&nbsp;&nbsp;<\/li>\n\n\n\n<li>Fuego&nbsp;<\/li>\n\n\n\n<li>Fun radio&nbsp;&nbsp;&nbsp;&nbsp;&nbsp;&nbsp;&nbsp;<\/li>\n\n\n\n<li>G\u00e9n\u00e9rations&nbsp;&nbsp;&nbsp;<\/li>\n\n\n\n<li>Ici Is\u00e8re&nbsp;&nbsp;&nbsp;&nbsp;&nbsp;&nbsp;&nbsp;&nbsp;&nbsp;&nbsp;<\/li>\n\n\n\n<li>Impact FM&nbsp;&nbsp;&nbsp;&nbsp;&nbsp;<\/li>\n\n\n\n<li>Jazz radio&nbsp;&nbsp;&nbsp;&nbsp;&nbsp;&nbsp;&nbsp;<\/li>\n\n\n\n<li>KTO radio&nbsp;&nbsp;&nbsp;&nbsp;&nbsp;&nbsp;&nbsp;<\/li>\n\n\n\n<li>Latina&nbsp;<\/li>\n\n\n\n<li>Lyon 1\u00e8re&nbsp;&nbsp;&nbsp;&nbsp;&nbsp;&nbsp;&nbsp;<\/li>\n\n\n\n<li>M radio&nbsp;&nbsp;&nbsp;&nbsp;&nbsp;&nbsp;&nbsp;&nbsp;&nbsp;&nbsp;<\/li>\n\n\n\n<li>M radio Lyon&nbsp;&nbsp;<\/li>\n\n\n\n<li>Melody&nbsp;&nbsp;&nbsp;&nbsp;&nbsp;&nbsp;&nbsp;&nbsp;&nbsp;&nbsp;<\/li>\n\n\n\n<li>Mouv&rsquo;<\/li>\n\n\n\n<li>Nostalgie&nbsp;&nbsp;&nbsp;&nbsp;&nbsp;&nbsp;&nbsp;<\/li>\n\n\n\n<li>Nostalgie Lyon&nbsp;&nbsp;&nbsp;&nbsp;&nbsp;&nbsp;&nbsp;&nbsp;&nbsp;&nbsp;&nbsp;<\/li>\n\n\n\n<li>NRJ&nbsp;&nbsp;&nbsp;&nbsp;&nbsp;<\/li>\n\n\n\n<li>NRJ Lyon&nbsp;&nbsp;&nbsp;&nbsp;&nbsp;&nbsp;&nbsp;&nbsp;<\/li>\n\n\n\n<li>O\u00fci FM&nbsp;&nbsp;&nbsp;&nbsp;&nbsp;&nbsp;&nbsp;&nbsp;&nbsp;&nbsp;&nbsp;<\/li>\n\n\n\n<li>R.C.F. Lyon&nbsp;&nbsp;&nbsp;&nbsp;&nbsp;&nbsp;<\/li>\n\n\n\n<li>Radio alfa&nbsp;&nbsp;&nbsp;&nbsp;&nbsp;&nbsp;<\/li>\n\n\n\n<li>Radio arm\u00e9nie&nbsp;&nbsp;&nbsp;&nbsp;&nbsp;&nbsp;&nbsp;&nbsp;&nbsp;&nbsp;&nbsp;<\/li>\n\n\n\n<li>Radio classique&nbsp;&nbsp;&nbsp;&nbsp;&nbsp;&nbsp;&nbsp;&nbsp;&nbsp;&nbsp;<\/li>\n\n\n\n<li>Radio espace&nbsp;<\/li>\n\n\n\n<li>Radio esp\u00e9rance&nbsp;&nbsp;&nbsp;&nbsp;&nbsp;&nbsp;&nbsp;&nbsp;<\/li>\n\n\n\n<li>Radio FG&nbsp;&nbsp;&nbsp;&nbsp;&nbsp;&nbsp;&nbsp;&nbsp;<\/li>\n\n\n\n<li>Radio Isa&nbsp;&nbsp;&nbsp;&nbsp;&nbsp;&nbsp;&nbsp;&nbsp;<\/li>\n\n\n\n<li>Radio Nova Lyon&nbsp;&nbsp;&nbsp;&nbsp;&nbsp;&nbsp;&nbsp;&nbsp;<\/li>\n\n\n\n<li>Radio orient&nbsp;&nbsp;&nbsp;<\/li>\n\n\n\n<li>Radio oxyg\u00e8ne Alpes Auvergne&nbsp;&nbsp;&nbsp;&nbsp;&nbsp;&nbsp;&nbsp;&nbsp;<\/li>\n\n\n\n<li>Radio pitchoun&nbsp;&nbsp;&nbsp;&nbsp;&nbsp;&nbsp;&nbsp;&nbsp;&nbsp;&nbsp;<\/li>\n\n\n\n<li>Radio pluriel&nbsp;&nbsp;<\/li>\n\n\n\n<li>Radio scoop&nbsp;&nbsp;&nbsp;<\/li>\n\n\n\n<li>RFI&nbsp;&nbsp;&nbsp;&nbsp;&nbsp;&nbsp;<\/li>\n\n\n\n<li>RFM&nbsp;&nbsp;&nbsp;<\/li>\n\n\n\n<li>Rire et chansons&nbsp;&nbsp;&nbsp;&nbsp;&nbsp;&nbsp;&nbsp;&nbsp;<\/li>\n\n\n\n<li>RMC<\/li>\n\n\n\n<li>RTL&nbsp;&nbsp;&nbsp;&nbsp;&nbsp;<\/li>\n\n\n\n<li>RTL 2&nbsp;&nbsp;<\/li>\n\n\n\n<li>S\u00e9quence FM&nbsp;<\/li>\n\n\n\n<li>Skyrock&nbsp;&nbsp;&nbsp;&nbsp;&nbsp;&nbsp;&nbsp;&nbsp;&nbsp;&nbsp;&nbsp;<\/li>\n\n\n\n<li>Skyrock Klassiks<\/li>\n\n\n\n<li>Sol FM<\/li>\n\n\n\n<li>Sud radio&nbsp;&nbsp;&nbsp;&nbsp;&nbsp;&nbsp;&nbsp;<\/li>\n\n\n\n<li>Tonic radio, la radio du sport<\/li>\n\n\n\n<li>TSF Jazz<\/li>\n\n\n\n<li>Virgin radio Lyon<\/li>\n<\/ul>\n\n\n\n<p>Source : <a href=\"https:\/\/www.annuradio.fr\/\" target=\"_blank\" rel=\"noreferrer noopener\"><mark style=\"background-color:rgba(0, 0, 0, 0)\" class=\"has-inline-color has-vivid-red-color\">https:\/\/www.annuradio.fr\/<\/mark><\/a><\/p>\n\n\n\n<p>Mise \u00e0 jour le : 11\/05\/2025<\/p>\n","protected":false},"excerpt":{"rendered":"<p>Qu&rsquo;est-ce que la radio num\u00e9rique terrestre en DAB+? Le\u00a0DAB+\u00a0(Digital Audio Broadcasting Plus) est la version\u00a0num\u00e9rique de la radio FM, \u00e9galement appel\u00e9e\u00a0radio num\u00e9rique terrestre\u00a0ou\u00a0RNT. Elle permet d\u2019\u00e9couter la radio\u00a0gratuitement, sans connexion Internet, via les ondes hertziennes. D\u00e9j\u00e0 largement d\u00e9ploy\u00e9e en Europe, cette technologie est en plein d\u00e9veloppement en France. Plus d&rsquo;informations : https:\/\/cxn.fr\/?p=527 Le DAB+ offre [&hellip;]<\/p>\n","protected":false},"author":1,"featured_media":543,"parent":145,"menu_order":4,"comment_status":"closed","ping_status":"closed","template":"","meta":{"jetpack_post_was_ever_published":false,"footnotes":""},"class_list":["post-193","page","type-page","status-publish","has-post-thumbnail","hentry"],"jetpack-related-posts":[],"jetpack_sharing_enabled":true,"_links":{"self":[{"href":"https:\/\/cxn.fr\/index.php?rest_route=\/wp\/v2\/pages\/193","targetHints":{"allow":["GET"]}}],"collection":[{"href":"https:\/\/cxn.fr\/index.php?rest_route=\/wp\/v2\/pages"}],"about":[{"href":"https:\/\/cxn.fr\/index.php?rest_route=\/wp\/v2\/types\/page"}],"author":[{"embeddable":true,"href":"https:\/\/cxn.fr\/index.php?rest_route=\/wp\/v2\/users\/1"}],"replies":[{"embeddable":true,"href":"https:\/\/cxn.fr\/index.php?rest_route=%2Fwp%2Fv2%2Fcomments&post=193"}],"version-history":[{"count":13,"href":"https:\/\/cxn.fr\/index.php?rest_route=\/wp\/v2\/pages\/193\/revisions"}],"predecessor-version":[{"id":538,"href":"https:\/\/cxn.fr\/index.php?rest_route=\/wp\/v2\/pages\/193\/revisions\/538"}],"up":[{"embeddable":true,"href":"https:\/\/cxn.fr\/index.php?rest_route=\/wp\/v2\/pages\/145"}],"wp:featuredmedia":[{"embeddable":true,"href":"https:\/\/cxn.fr\/index.php?rest_route=\/wp\/v2\/media\/543"}],"wp:attachment":[{"href":"https:\/\/cxn.fr\/index.php?rest_route=%2Fwp%2Fv2%2Fmedia&parent=193"}],"curies":[{"name":"wp","href":"https:\/\/api.w.org\/{rel}","templated":true}]}}