{"id":212,"date":"2021-10-11T21:37:33","date_gmt":"2021-10-11T19:37:33","guid":{"rendered":"https:\/\/cxn.fr\/?page_id=212"},"modified":"2025-05-11T19:47:22","modified_gmt":"2025-05-11T17:47:22","slug":"dommages-reseaux","status":"publish","type":"page","link":"https:\/\/cxn.fr\/?page_id=212","title":{"rendered":"Dommages r\u00e9seaux"},"content":{"rendered":"\n<h2 class=\"wp-block-heading\">Signaler un \u00e9quipement du r\u00e9seau Orange (fibre optique et cuivre) endommag\u00e9<\/h2>\n\n\n\n<p>Poteaux cass\u00e9s ou pench\u00e9s, c\u00e2bles d\u00e9croch\u00e9s ou arrach\u00e9s, armoires ouvertes ou d\u00e9t\u00e9rior\u00e9es.<br>Le service \u00ab\u00a0dommages r\u00e9seaux\u00a0\u00bb permet \u00e0 toute personne de signaler une anomalie constat\u00e9e sur des \u00e9quipements du r\u00e9seau Orange\/France T\u00e9l\u00e9com.<\/p>\n\n\n\n<p>Exemples d&rsquo;\u00e9quipements endommag\u00e9s qui appartiennent \u00e0 Orange<\/p>\n\n\n\n<figure class=\"wp-block-gallery has-nested-images columns-3 wp-block-gallery-1 is-layout-flex wp-block-gallery-is-layout-flex\">\n<figure class=\"wp-block-image size-full\"><img data-recalc-dims=\"1\"  title=\"\" loading=\"lazy\" decoding=\"async\" width=\"469\" height=\"575\" data-id=\"213\" src=\"https:\/\/i0.wp.com\/cxn.fr\/wp-content\/uploads\/2021\/10\/boitier-ouvert.png?resize=469%2C575&#038;ssl=1\"  alt=\"boitier-ouvert Dommages r\u00e9seaux\"  class=\"wp-image-213\" srcset=\"https:\/\/i0.wp.com\/cxn.fr\/wp-content\/uploads\/2021\/10\/boitier-ouvert.png?w=469&amp;ssl=1 469w, https:\/\/i0.wp.com\/cxn.fr\/wp-content\/uploads\/2021\/10\/boitier-ouvert.png?resize=245%2C300&amp;ssl=1 245w\" sizes=\"auto, (max-width: 469px) 100vw, 469px\" \/><figcaption class=\"wp-element-caption\"><strong>Ces boitiers sont facilement reconnaissables gr\u00e2ce \u00e0 leurs \u00e9tiquettes bleues ou vertes sur les c\u00e2bles<\/strong><\/figcaption><\/figure>\n\n\n\n<figure class=\"wp-block-image size-full\"><img data-recalc-dims=\"1\"  title=\"\" loading=\"lazy\" decoding=\"async\" width=\"292\" height=\"547\" data-id=\"215\" src=\"https:\/\/i0.wp.com\/cxn.fr\/wp-content\/uploads\/2021\/10\/cable-poteau-1.png?resize=292%2C547&#038;ssl=1\"  alt=\"cable-poteau-1 Dommages r\u00e9seaux\"  class=\"wp-image-215\" srcset=\"https:\/\/i0.wp.com\/cxn.fr\/wp-content\/uploads\/2021\/10\/cable-poteau-1.png?w=292&amp;ssl=1 292w, https:\/\/i0.wp.com\/cxn.fr\/wp-content\/uploads\/2021\/10\/cable-poteau-1.png?resize=160%2C300&amp;ssl=1 160w\" sizes=\"auto, (max-width: 292px) 100vw, 292px\" \/><figcaption class=\"wp-element-caption\"><strong>C\u00e2ble d\u00e9croch\u00e9<\/strong><\/figcaption><\/figure>\n\n\n\n<figure class=\"wp-block-image size-large\"><img data-recalc-dims=\"1\"  title=\"\" loading=\"lazy\" decoding=\"async\" width=\"640\" height=\"974\" data-id=\"216\" src=\"https:\/\/i0.wp.com\/cxn.fr\/wp-content\/uploads\/2021\/10\/porte-armoire-fibre-673x1024.png?resize=640%2C974&#038;ssl=1\"  alt=\"porte-armoire-fibre-673x1024 Dommages r\u00e9seaux\"  class=\"wp-image-216\" srcset=\"https:\/\/i0.wp.com\/cxn.fr\/wp-content\/uploads\/2021\/10\/porte-armoire-fibre.png?resize=673%2C1024&amp;ssl=1 673w, https:\/\/i0.wp.com\/cxn.fr\/wp-content\/uploads\/2021\/10\/porte-armoire-fibre.png?resize=197%2C300&amp;ssl=1 197w, https:\/\/i0.wp.com\/cxn.fr\/wp-content\/uploads\/2021\/10\/porte-armoire-fibre.png?w=708&amp;ssl=1 708w\" sizes=\"auto, (max-width: 640px) 100vw, 640px\" \/><figcaption class=\"wp-element-caption\"><strong>Porte armoire fibre (PMZ) cass\u00e9e<\/strong><\/figcaption><\/figure>\n<\/figure>\n\n\n\n<p class=\"has-vivid-red-color has-text-color has-link-color wp-elements-0c68ca4f0c1256de75a754fb35412794\"><strong><a href=\"https:\/\/dommages-reseaux.orange.fr\/\" data-type=\"URL\" data-id=\"https:\/\/dommages-reseaux.orange.fr\/\" target=\"_blank\" rel=\"noreferrer noopener\">Si vous avez vu un \u00e9quipement Orange\/France T\u00e9l\u00e9com endommag\u00e9, cliquez ici<\/a><\/strong><\/p>\n\n\n\n<p><\/p>\n\n\n\n<h2 class=\"wp-block-heading\">Signaler un \u00e9quipement du r\u00e9seau c\u00e2bl\u00e9 endommag\u00e9<\/h2>\n\n\n\n<p>Boitiers ouverts ou cass\u00e9s, c\u00e2bles coaxiaux abim\u00e9s ou coup\u00e9s.<br>Le service \u00ab\u00a0dommages r\u00e9seaux\u00a0\u00bb permet \u00e0 toute personne de signaler un dommage constat\u00e9 sur des \u00e9quipements du r\u00e9seau c\u00e2ble d&rsquo;Infra corp SAS (le r\u00e9seau \u00e9tait g\u00e9r\u00e9 auparavant par SFR\/Num\u00e9ricable).<\/p>\n\n\n\n<p>Exemples d&rsquo;\u00e9quipements endommag\u00e9s qui appartiennent \u00e0 Infra corp SAS (revendu par l&rsquo;EPARI)<\/p>\n\n\n\n<figure class=\"wp-block-gallery has-nested-images columns-default is-cropped wp-block-gallery-2 is-layout-flex wp-block-gallery-is-layout-flex\">\n<figure class=\"wp-block-image size-large is-style-default\"><img data-recalc-dims=\"1\"  title=\"\" loading=\"lazy\" decoding=\"async\" width=\"497\" height=\"1024\" data-id=\"220\" src=\"https:\/\/i0.wp.com\/cxn.fr\/wp-content\/uploads\/2021\/10\/received_403775107150115-497x1024.jpeg?resize=497%2C1024&#038;ssl=1\"  alt=\"received_403775107150115-497x1024 Dommages r\u00e9seaux\"  class=\"wp-image-220\" srcset=\"https:\/\/i0.wp.com\/cxn.fr\/wp-content\/uploads\/2021\/10\/received_403775107150115.jpeg?resize=497%2C1024&amp;ssl=1 497w, https:\/\/i0.wp.com\/cxn.fr\/wp-content\/uploads\/2021\/10\/received_403775107150115.jpeg?resize=145%2C300&amp;ssl=1 145w, https:\/\/i0.wp.com\/cxn.fr\/wp-content\/uploads\/2021\/10\/received_403775107150115.jpeg?w=597&amp;ssl=1 597w\" sizes=\"auto, (max-width: 497px) 100vw, 497px\" \/><figcaption class=\"wp-element-caption\"><strong>Boitiers reconnaissables par sa grande taille<\/strong><\/figcaption><\/figure>\n\n\n\n<figure class=\"wp-block-image size-full\"><img data-recalc-dims=\"1\"  title=\"\" loading=\"lazy\" decoding=\"async\" width=\"262\" height=\"581\" data-id=\"219\" src=\"https:\/\/i0.wp.com\/cxn.fr\/wp-content\/uploads\/2021\/10\/received_357385491619944.jpeg?resize=262%2C581&#038;ssl=1\"  alt=\"received_357385491619944 Dommages r\u00e9seaux\"  class=\"wp-image-219\" srcset=\"https:\/\/i0.wp.com\/cxn.fr\/wp-content\/uploads\/2021\/10\/received_357385491619944.jpeg?w=262&amp;ssl=1 262w, https:\/\/i0.wp.com\/cxn.fr\/wp-content\/uploads\/2021\/10\/received_357385491619944.jpeg?resize=135%2C300&amp;ssl=1 135w\" sizes=\"auto, (max-width: 262px) 100vw, 262px\" \/><figcaption class=\"wp-element-caption\"><strong>Boitiers reconnaissables par la couleur un peu jaune\/orange<\/strong><\/figcaption><\/figure>\n<\/figure>\n\n\n\n<p class=\"has-vivid-red-color has-text-color has-link-color wp-elements-72f72ef452b37ce8b978f549dfcae057\"><a href=\"mailto:epari@infra-corp.fr\" data-type=\"URL\" data-id=\"https:\/\/dommages-reseaux.sfr.fr\/\" target=\"_blank\" rel=\"noreferrer noopener\"><strong>Si vous avez vu un \u00e9quipement Infra corp SAS endommag\u00e9,&nbsp;cliquez ici<\/strong><\/a><\/p>\n","protected":false},"excerpt":{"rendered":"<p>Signaler un \u00e9quipement du r\u00e9seau Orange (fibre optique et cuivre) endommag\u00e9 Poteaux cass\u00e9s ou pench\u00e9s, c\u00e2bles d\u00e9croch\u00e9s ou arrach\u00e9s, armoires ouvertes ou d\u00e9t\u00e9rior\u00e9es.Le service \u00ab\u00a0dommages r\u00e9seaux\u00a0\u00bb permet \u00e0 toute personne de signaler une anomalie constat\u00e9e sur des \u00e9quipements du r\u00e9seau Orange\/France T\u00e9l\u00e9com. Exemples d&rsquo;\u00e9quipements endommag\u00e9s qui appartiennent \u00e0 Orange Si vous avez vu un \u00e9quipement [&hellip;]<\/p>\n","protected":false},"author":1,"featured_media":0,"parent":145,"menu_order":5,"comment_status":"closed","ping_status":"closed","template":"","meta":{"jetpack_post_was_ever_published":false,"footnotes":""},"class_list":["post-212","page","type-page","status-publish","hentry"],"jetpack-related-posts":[],"jetpack_sharing_enabled":true,"_links":{"self":[{"href":"https:\/\/cxn.fr\/index.php?rest_route=\/wp\/v2\/pages\/212","targetHints":{"allow":["GET"]}}],"collection":[{"href":"https:\/\/cxn.fr\/index.php?rest_route=\/wp\/v2\/pages"}],"about":[{"href":"https:\/\/cxn.fr\/index.php?rest_route=\/wp\/v2\/types\/page"}],"author":[{"embeddable":true,"href":"https:\/\/cxn.fr\/index.php?rest_route=\/wp\/v2\/users\/1"}],"replies":[{"embeddable":true,"href":"https:\/\/cxn.fr\/index.php?rest_route=%2Fwp%2Fv2%2Fcomments&post=212"}],"version-history":[{"count":20,"href":"https:\/\/cxn.fr\/index.php?rest_route=\/wp\/v2\/pages\/212\/revisions"}],"predecessor-version":[{"id":497,"href":"https:\/\/cxn.fr\/index.php?rest_route=\/wp\/v2\/pages\/212\/revisions\/497"}],"up":[{"embeddable":true,"href":"https:\/\/cxn.fr\/index.php?rest_route=\/wp\/v2\/pages\/145"}],"wp:attachment":[{"href":"https:\/\/cxn.fr\/index.php?rest_route=%2Fwp%2Fv2%2Fmedia&parent=212"}],"curies":[{"name":"wp","href":"https:\/\/api.w.org\/{rel}","templated":true}]}}