{"id":254,"date":"2021-11-20T22:21:29","date_gmt":"2021-11-20T21:21:29","guid":{"rendered":"http:\/\/cxn.fr\/?page_id=254"},"modified":"2025-05-11T18:54:09","modified_gmt":"2025-05-11T16:54:09","slug":"windows-2000","status":"publish","type":"page","link":"https:\/\/cxn.fr\/?page_id=254","title":{"rendered":"Windows 2000"},"content":{"rendered":"\n<h2 class=\"wp-block-heading\">Windows 2000 avec Service Pack 4 en format .iso<\/h2>\n\n\n\n<h2 class=\"wp-block-heading\">Attention, vous devez avoir une cl\u00e9 Windows pour pouvoir l&rsquo;installer et l&rsquo;utiliser par la suite<\/h2>\n\n\n\n<p><\/p>\n\n\n\n<p class=\"has-vivid-red-color has-text-color has-link-color wp-elements-5e193fa95fe00cfb06f08c9bfad2d5f1\"><strong><a href=\"https:\/\/cxn.fr\/iso\/Win2000_French_x86.iso\" data-type=\"URL\" data-id=\"https:\/\/cxn.fr\/iso\/Win2000_French_x86.iso\" target=\"_blank\" rel=\"noreferrer noopener\">Cliquer pour t\u00e9l\u00e9charger Windows 2000<\/a><\/strong><\/p>\n","protected":false},"excerpt":{"rendered":"<p>Windows 2000 avec Service Pack 4 en format .iso Attention, vous devez avoir une cl\u00e9 Windows pour pouvoir l&rsquo;installer et l&rsquo;utiliser par la suite Cliquer pour t\u00e9l\u00e9charger Windows 2000<\/p>\n","protected":false},"author":1,"featured_media":0,"parent":250,"menu_order":3,"comment_status":"closed","ping_status":"closed","template":"","meta":{"jetpack_post_was_ever_published":false,"footnotes":""},"class_list":["post-254","page","type-page","status-publish","hentry"],"jetpack-related-posts":[],"jetpack_sharing_enabled":true,"_links":{"self":[{"href":"https:\/\/cxn.fr\/index.php?rest_route=\/wp\/v2\/pages\/254","targetHints":{"allow":["GET"]}}],"collection":[{"href":"https:\/\/cxn.fr\/index.php?rest_route=\/wp\/v2\/pages"}],"about":[{"href":"https:\/\/cxn.fr\/index.php?rest_route=\/wp\/v2\/types\/page"}],"author":[{"embeddable":true,"href":"https:\/\/cxn.fr\/index.php?rest_route=\/wp\/v2\/users\/1"}],"replies":[{"embeddable":true,"href":"https:\/\/cxn.fr\/index.php?rest_route=%2Fwp%2Fv2%2Fcomments&post=254"}],"version-history":[{"count":5,"href":"https:\/\/cxn.fr\/index.php?rest_route=\/wp\/v2\/pages\/254\/revisions"}],"predecessor-version":[{"id":488,"href":"https:\/\/cxn.fr\/index.php?rest_route=\/wp\/v2\/pages\/254\/revisions\/488"}],"up":[{"embeddable":true,"href":"https:\/\/cxn.fr\/index.php?rest_route=\/wp\/v2\/pages\/250"}],"wp:attachment":[{"href":"https:\/\/cxn.fr\/index.php?rest_route=%2Fwp%2Fv2%2Fmedia&parent=254"}],"curies":[{"name":"wp","href":"https:\/\/api.w.org\/{rel}","templated":true}]}}