{"id":262,"date":"2021-11-20T22:22:05","date_gmt":"2021-11-20T21:22:05","guid":{"rendered":"http:\/\/cxn.fr\/?page_id=262"},"modified":"2025-05-11T18:55:21","modified_gmt":"2025-05-11T16:55:21","slug":"windows-xp","status":"publish","type":"page","link":"https:\/\/cxn.fr\/?page_id=262","title":{"rendered":"Windows XP"},"content":{"rendered":"\n<h2 class=\"wp-block-heading\">Windows XP 32 bits avec Service Pack 3 en format .iso<\/h2>\n\n\n\n<h2 class=\"wp-block-heading\">Attention, vous devez avoir une cl\u00e9 Windows pour pouvoir l&rsquo;installer et l&rsquo;utiliser par la suite<\/h2>\n\n\n\n<p><\/p>\n\n\n\n<p class=\"has-vivid-red-color has-text-color has-link-color wp-elements-4661fc0dd0c157e6d4fb137d48505351\"><strong><a href=\"https:\/\/cxn.fr\/iso\/WINDOWSXPPRO32BITSFR.ISO\" data-type=\"URL\" data-id=\"https:\/\/cxn.fr\/iso\/WINDOWSXPPRO32BITSFR.ISO\" target=\"_blank\" rel=\"noreferrer noopener\">Cliquer pour t\u00e9l\u00e9charger Windows XP Professionnel<\/a><\/strong> (VL)<\/p>\n\n\n\n<p class=\"has-vivid-red-color has-text-color has-link-color wp-elements-72b6c075df74334d58193d8cffb8e0c3\"><strong><a href=\"https:\/\/cxn.fr\/iso\/Winxp_home_French_x86.iso\" data-type=\"URL\" data-id=\"https:\/\/cxn.fr\/iso\/Winxp_home_French_x86.iso\" target=\"_blank\" rel=\"noreferrer noopener\">Cliquer pour t\u00e9l\u00e9charger Windows XP \u00c9dition Familiale<\/a><\/strong> (Retail) <\/p>\n\n\n\n<p class=\"has-vivid-red-color has-text-color has-link-color wp-elements-8e41c394b38be237d01a4876ecb133c8\"><strong><a href=\"https:\/\/cxn.fr\/iso\/Winxp_pro_French_x86.iso\" data-type=\"URL\" data-id=\"https:\/\/cxn.fr\/iso\/Winxp_pro_French_x86.iso\" target=\"_blank\" rel=\"noreferrer noopener\">Cliquer pour t\u00e9l\u00e9charger Windows XP Professionnel<\/a><\/strong> (Retail) <\/p>\n\n\n\n<p><\/p>\n\n\n\n<h2 class=\"wp-block-heading\">Windows XP 32 bits avec Service Pack 2 en format .iso <\/h2>\n\n\n\n<h2 class=\"wp-block-heading\">Attention, vous devez avoir une cl\u00e9 Windows pour pouvoir l&rsquo;installer et l&rsquo;utiliser par la suite<\/h2>\n\n\n\n<p class=\"has-vivid-red-color has-text-color has-link-color wp-elements-99d98a528ddbf87c92bd32be1f845965\"><strong><a href=\"https:\/\/cxn.fr\/iso\/Winxp_mc_French_x86.iso\" data-type=\"URL\" data-id=\"https:\/\/cxn.fr\/iso\/Winxp_mc_French_x86.iso\" target=\"_blank\" rel=\"noreferrer noopener\">Cliquer pour t\u00e9l\u00e9charger Windows XP \u00c9dition Media Center<\/a><\/strong><\/p>\n","protected":false},"excerpt":{"rendered":"<p>Windows XP 32 bits avec Service Pack 3 en format .iso Attention, vous devez avoir une cl\u00e9 Windows pour pouvoir l&rsquo;installer et l&rsquo;utiliser par la suite Cliquer pour t\u00e9l\u00e9charger Windows XP Professionnel (VL) Cliquer pour t\u00e9l\u00e9charger Windows XP \u00c9dition Familiale (Retail) Cliquer pour t\u00e9l\u00e9charger Windows XP Professionnel (Retail) Windows XP 32 bits avec Service Pack [&hellip;]<\/p>\n","protected":false},"author":1,"featured_media":0,"parent":250,"menu_order":4,"comment_status":"closed","ping_status":"closed","template":"","meta":{"jetpack_post_was_ever_published":false,"footnotes":""},"class_list":["post-262","page","type-page","status-publish","hentry"],"jetpack-related-posts":[],"jetpack_sharing_enabled":true,"_links":{"self":[{"href":"https:\/\/cxn.fr\/index.php?rest_route=\/wp\/v2\/pages\/262","targetHints":{"allow":["GET"]}}],"collection":[{"href":"https:\/\/cxn.fr\/index.php?rest_route=\/wp\/v2\/pages"}],"about":[{"href":"https:\/\/cxn.fr\/index.php?rest_route=\/wp\/v2\/types\/page"}],"author":[{"embeddable":true,"href":"https:\/\/cxn.fr\/index.php?rest_route=\/wp\/v2\/users\/1"}],"replies":[{"embeddable":true,"href":"https:\/\/cxn.fr\/index.php?rest_route=%2Fwp%2Fv2%2Fcomments&post=262"}],"version-history":[{"count":6,"href":"https:\/\/cxn.fr\/index.php?rest_route=\/wp\/v2\/pages\/262\/revisions"}],"predecessor-version":[{"id":489,"href":"https:\/\/cxn.fr\/index.php?rest_route=\/wp\/v2\/pages\/262\/revisions\/489"}],"up":[{"embeddable":true,"href":"https:\/\/cxn.fr\/index.php?rest_route=\/wp\/v2\/pages\/250"}],"wp:attachment":[{"href":"https:\/\/cxn.fr\/index.php?rest_route=%2Fwp%2Fv2%2Fmedia&parent=262"}],"curies":[{"name":"wp","href":"https:\/\/api.w.org\/{rel}","templated":true}]}}