{"id":269,"date":"2021-11-20T22:22:27","date_gmt":"2021-11-20T21:22:27","guid":{"rendered":"http:\/\/cxn.fr\/?page_id=269"},"modified":"2025-05-11T18:56:06","modified_gmt":"2025-05-11T16:56:06","slug":"windows-7","status":"publish","type":"page","link":"https:\/\/cxn.fr\/?page_id=269","title":{"rendered":"Windows 7"},"content":{"rendered":"\n<h2 class=\"wp-block-heading\">Windows 7 \u00c9dition Int\u00e9grale (Familiale, Professionnel, etc) avec Service Pack 1 en format .iso<\/h2>\n\n\n\n<h2 class=\"wp-block-heading\">Attention, vous devez avoir une cl\u00e9 Windows pour pouvoir l&rsquo;installer et l&rsquo;utiliser par la suite<\/h2>\n\n\n\n<p><\/p>\n\n\n\n<p class=\"has-vivid-red-color has-text-color has-link-color wp-elements-c41a5af47528cc4b15d5b227f55e9766\"><strong><a href=\"https:\/\/cxn.fr\/iso\/Win7_French_x86.iso\" data-type=\"URL\" data-id=\"https:\/\/cxn.fr\/iso\/Win7_French_x86.iso\" target=\"_blank\" rel=\"noreferrer noopener\">Cliquer pour t\u00e9l\u00e9charger Windows 7 \u00c9dition Int\u00e9grale<\/a><\/strong> (32 bits)<\/p>\n\n\n\n<p class=\"has-vivid-red-color has-text-color has-link-color wp-elements-96ec97b94fd4c5744965b0d5cdfc0384\"><strong><a href=\"https:\/\/cxn.fr\/iso\/Win7_French_x64.iso\" data-type=\"URL\" data-id=\"https:\/\/cxn.fr\/iso\/Win7_French_x64.iso\" target=\"_blank\" rel=\"noreferrer noopener\">Cliquer pour t\u00e9l\u00e9charger Windows 7 \u00c9dition Int\u00e9grale<\/a><\/strong> (64 bits) <\/p>\n","protected":false},"excerpt":{"rendered":"<p>Windows 7 \u00c9dition Int\u00e9grale (Familiale, Professionnel, etc) avec Service Pack 1 en format .iso Attention, vous devez avoir une cl\u00e9 Windows pour pouvoir l&rsquo;installer et l&rsquo;utiliser par la suite Cliquer pour t\u00e9l\u00e9charger Windows 7 \u00c9dition Int\u00e9grale (32 bits) Cliquer pour t\u00e9l\u00e9charger Windows 7 \u00c9dition Int\u00e9grale (64 bits)<\/p>\n","protected":false},"author":1,"featured_media":0,"parent":250,"menu_order":6,"comment_status":"closed","ping_status":"closed","template":"","meta":{"jetpack_post_was_ever_published":false,"footnotes":""},"class_list":["post-269","page","type-page","status-publish","hentry"],"jetpack-related-posts":[],"jetpack_sharing_enabled":true,"_links":{"self":[{"href":"https:\/\/cxn.fr\/index.php?rest_route=\/wp\/v2\/pages\/269","targetHints":{"allow":["GET"]}}],"collection":[{"href":"https:\/\/cxn.fr\/index.php?rest_route=\/wp\/v2\/pages"}],"about":[{"href":"https:\/\/cxn.fr\/index.php?rest_route=\/wp\/v2\/types\/page"}],"author":[{"embeddable":true,"href":"https:\/\/cxn.fr\/index.php?rest_route=\/wp\/v2\/users\/1"}],"replies":[{"embeddable":true,"href":"https:\/\/cxn.fr\/index.php?rest_route=%2Fwp%2Fv2%2Fcomments&post=269"}],"version-history":[{"count":4,"href":"https:\/\/cxn.fr\/index.php?rest_route=\/wp\/v2\/pages\/269\/revisions"}],"predecessor-version":[{"id":491,"href":"https:\/\/cxn.fr\/index.php?rest_route=\/wp\/v2\/pages\/269\/revisions\/491"}],"up":[{"embeddable":true,"href":"https:\/\/cxn.fr\/index.php?rest_route=\/wp\/v2\/pages\/250"}],"wp:attachment":[{"href":"https:\/\/cxn.fr\/index.php?rest_route=%2Fwp%2Fv2%2Fmedia&parent=269"}],"curies":[{"name":"wp","href":"https:\/\/api.w.org\/{rel}","templated":true}]}}