{"id":275,"date":"2021-11-20T22:22:48","date_gmt":"2021-11-20T21:22:48","guid":{"rendered":"http:\/\/cxn.fr\/?page_id=275"},"modified":"2025-05-11T18:57:12","modified_gmt":"2025-05-11T16:57:12","slug":"windows-8-1","status":"publish","type":"page","link":"https:\/\/cxn.fr\/?page_id=275","title":{"rendered":"Windows 8.1"},"content":{"rendered":"\n<h2 class=\"wp-block-heading\">Windows 8.1 Int\u00e9grale (Famille, Professionnel, etc) en format .iso<\/h2>\n\n\n\n<h2 class=\"wp-block-heading\">Attention, vous devez avoir une cl\u00e9 Windows pour pouvoir l&rsquo;installer et l&rsquo;utiliser par la suite<\/h2>\n\n\n\n<p><\/p>\n\n\n\n<p class=\"has-vivid-red-color has-text-color has-link-color wp-elements-58357c3ab6de6bc03804bf8b52e813ed\"><strong><a href=\"https:\/\/cxn.fr\/iso\/Win8.1_French_x32.iso\" data-type=\"URL\" data-id=\"https:\/\/cxn.fr\/iso\/Win8.1_French_x32.iso\" target=\"_blank\" rel=\"noreferrer noopener\">Cliquer pour t\u00e9l\u00e9charger Windows 8.1 Int\u00e9grale<\/a><\/strong> (32 bits)<\/p>\n\n\n\n<p class=\"has-vivid-red-color has-text-color has-link-color wp-elements-51e2cb30ccedb010a27d0abb461ec16e\"><strong><a href=\"https:\/\/cxn.fr\/iso\/Win8.1_French_x64.iso\" data-type=\"URL\" data-id=\"https:\/\/cxn.fr\/iso\/Win8.1_French_x64.iso\" target=\"_blank\" rel=\"noreferrer noopener\">Cliquer pour t\u00e9l\u00e9charger Windows 8.1 Int\u00e9grale<\/a><\/strong> (64 bits) <\/p>\n","protected":false},"excerpt":{"rendered":"<p>Windows 8.1 Int\u00e9grale (Famille, Professionnel, etc) en format .iso Attention, vous devez avoir une cl\u00e9 Windows pour pouvoir l&rsquo;installer et l&rsquo;utiliser par la suite Cliquer pour t\u00e9l\u00e9charger Windows 8.1 Int\u00e9grale (32 bits) Cliquer pour t\u00e9l\u00e9charger Windows 8.1 Int\u00e9grale (64 bits)<\/p>\n","protected":false},"author":1,"featured_media":0,"parent":250,"menu_order":6,"comment_status":"closed","ping_status":"closed","template":"","meta":{"jetpack_post_was_ever_published":false,"footnotes":""},"class_list":["post-275","page","type-page","status-publish","hentry"],"jetpack-related-posts":[],"jetpack_sharing_enabled":true,"_links":{"self":[{"href":"https:\/\/cxn.fr\/index.php?rest_route=\/wp\/v2\/pages\/275","targetHints":{"allow":["GET"]}}],"collection":[{"href":"https:\/\/cxn.fr\/index.php?rest_route=\/wp\/v2\/pages"}],"about":[{"href":"https:\/\/cxn.fr\/index.php?rest_route=\/wp\/v2\/types\/page"}],"author":[{"embeddable":true,"href":"https:\/\/cxn.fr\/index.php?rest_route=\/wp\/v2\/users\/1"}],"replies":[{"embeddable":true,"href":"https:\/\/cxn.fr\/index.php?rest_route=%2Fwp%2Fv2%2Fcomments&post=275"}],"version-history":[{"count":3,"href":"https:\/\/cxn.fr\/index.php?rest_route=\/wp\/v2\/pages\/275\/revisions"}],"predecessor-version":[{"id":492,"href":"https:\/\/cxn.fr\/index.php?rest_route=\/wp\/v2\/pages\/275\/revisions\/492"}],"up":[{"embeddable":true,"href":"https:\/\/cxn.fr\/index.php?rest_route=\/wp\/v2\/pages\/250"}],"wp:attachment":[{"href":"https:\/\/cxn.fr\/index.php?rest_route=%2Fwp%2Fv2%2Fmedia&parent=275"}],"curies":[{"name":"wp","href":"https:\/\/api.w.org\/{rel}","templated":true}]}}