{"id":277,"date":"2021-11-20T22:23:01","date_gmt":"2021-11-20T21:23:01","guid":{"rendered":"http:\/\/cxn.fr\/?page_id=277"},"modified":"2025-05-11T18:58:13","modified_gmt":"2025-05-11T16:58:13","slug":"windows-10","status":"publish","type":"page","link":"https:\/\/cxn.fr\/?page_id=277","title":{"rendered":"Windows 10"},"content":{"rendered":"\n<h2 class=\"wp-block-heading\">Windows 10 Int\u00e9grale (Famille, Professionnel, etc) en format .iso<\/h2>\n\n\n\n<h2 class=\"wp-block-heading\">Attention, vous devez avoir une cl\u00e9 Windows pour pouvoir l&rsquo;installer et l&rsquo;utiliser par la suite<\/h2>\n\n\n\n<p><\/p>\n\n\n\n<p class=\"has-vivid-red-color has-text-color has-link-color wp-elements-72d565ef5f585a6bf1b849e88ee62db7\"><strong><a href=\"https:\/\/cxn.fr\/iso\/Win10_21H2_French_x32.iso\" data-type=\"URL\" data-id=\"https:\/\/cxn.fr\/iso\/Win10_21H2_French_x32.iso\" target=\"_blank\" rel=\"noreferrer noopener\">Cliquer pour t\u00e9l\u00e9charger Windows 10 Int\u00e9grale<\/a><\/strong> (32 bits)<\/p>\n\n\n\n<p class=\"has-vivid-red-color has-text-color has-link-color wp-elements-f5937d22e0622ddeeffe3510392ff955\"><strong><a href=\"https:\/\/cxn.fr\/iso\/Win10_21H2_French_x64.iso\" data-type=\"URL\" data-id=\"https:\/\/cxn.fr\/iso\/Win10_21H2_French_x64.iso\" target=\"_blank\" rel=\"noreferrer noopener\">Cliquer pour t\u00e9l\u00e9charger Windows 10 Int\u00e9grale<\/a><\/strong> (64 bits)<\/p>\n","protected":false},"excerpt":{"rendered":"<p>Windows 10 Int\u00e9grale (Famille, Professionnel, etc) en format .iso Attention, vous devez avoir une cl\u00e9 Windows pour pouvoir l&rsquo;installer et l&rsquo;utiliser par la suite Cliquer pour t\u00e9l\u00e9charger Windows 10 Int\u00e9grale (32 bits) Cliquer pour t\u00e9l\u00e9charger Windows 10 Int\u00e9grale (64 bits)<\/p>\n","protected":false},"author":1,"featured_media":0,"parent":250,"menu_order":9,"comment_status":"closed","ping_status":"closed","template":"","meta":{"jetpack_post_was_ever_published":false,"footnotes":""},"class_list":["post-277","page","type-page","status-publish","hentry"],"jetpack-related-posts":[],"jetpack_sharing_enabled":true,"_links":{"self":[{"href":"https:\/\/cxn.fr\/index.php?rest_route=\/wp\/v2\/pages\/277","targetHints":{"allow":["GET"]}}],"collection":[{"href":"https:\/\/cxn.fr\/index.php?rest_route=\/wp\/v2\/pages"}],"about":[{"href":"https:\/\/cxn.fr\/index.php?rest_route=\/wp\/v2\/types\/page"}],"author":[{"embeddable":true,"href":"https:\/\/cxn.fr\/index.php?rest_route=\/wp\/v2\/users\/1"}],"replies":[{"embeddable":true,"href":"https:\/\/cxn.fr\/index.php?rest_route=%2Fwp%2Fv2%2Fcomments&post=277"}],"version-history":[{"count":3,"href":"https:\/\/cxn.fr\/index.php?rest_route=\/wp\/v2\/pages\/277\/revisions"}],"predecessor-version":[{"id":494,"href":"https:\/\/cxn.fr\/index.php?rest_route=\/wp\/v2\/pages\/277\/revisions\/494"}],"up":[{"embeddable":true,"href":"https:\/\/cxn.fr\/index.php?rest_route=\/wp\/v2\/pages\/250"}],"wp:attachment":[{"href":"https:\/\/cxn.fr\/index.php?rest_route=%2Fwp%2Fv2%2Fmedia&parent=277"}],"curies":[{"name":"wp","href":"https:\/\/api.w.org\/{rel}","templated":true}]}}