{"id":309,"date":"2021-12-20T20:22:51","date_gmt":"2021-12-20T19:22:51","guid":{"rendered":"https:\/\/cxn.fr\/?page_id=309"},"modified":"2025-05-11T18:42:51","modified_gmt":"2025-05-11T16:42:51","slug":"rhone-cable","status":"publish","type":"page","link":"https:\/\/cxn.fr\/?page_id=309","title":{"rendered":"Rh\u00f4ne C\u00e2ble"},"content":{"rendered":"\n<h2 class=\"wp-block-heading\" id=\"veuillez-selectionner-une-page\">Veuillez s\u00e9lectionner une page<\/h2>\n\n\n\n<h2 class=\"wp-block-heading has-vivid-red-color has-text-color has-link-color wp-elements-e253393a1e15bba1974016eb8fd30c10\"><a href=\"https:\/\/cxn.fr\/?page_id=370\">Cession du r\u00e9seau c\u00e2bl\u00e9 \u00c9PARI<\/a><\/h2>\n\n\n\n<h2 class=\"wp-block-heading has-vivid-red-color has-text-color has-link-color wp-elements-4a2c436ec37845673ba00a3be6939266\"><a href=\"https:\/\/cxn.fr\/?page_id=321\">C\u00e2ble coaxial dans le Rh\u00f4ne<\/a><\/h2>\n\n\n\n<h2 class=\"wp-block-heading has-vivid-red-color has-text-color has-link-color wp-elements-c329f0251cef5533c14ab1c13c1c72af\"><a href=\"https:\/\/www.rhone.fr\/epari\">EPARI (Infos r\u00e9seau c\u00e2ble)<\/a><\/h2>\n\n\n\n<h2 class=\"wp-block-heading has-vivid-red-color has-text-color has-link-color wp-elements-ca062cec3bc884e0709e904d8be6b313\"><a href=\"https:\/\/cxn.fr\/?page_id=212\">Dommages r\u00e9seaux<\/a><\/h2>\n","protected":false},"excerpt":{"rendered":"<p>Veuillez s\u00e9lectionner une page Cession du r\u00e9seau c\u00e2bl\u00e9 \u00c9PARI C\u00e2ble coaxial dans le Rh\u00f4ne EPARI (Infos r\u00e9seau c\u00e2ble) Dommages r\u00e9seaux<\/p>\n","protected":false},"author":1,"featured_media":0,"parent":0,"menu_order":0,"comment_status":"closed","ping_status":"closed","template":"","meta":{"jetpack_post_was_ever_published":false,"footnotes":""},"class_list":["post-309","page","type-page","status-publish","hentry"],"jetpack-related-posts":[],"jetpack_sharing_enabled":true,"_links":{"self":[{"href":"https:\/\/cxn.fr\/index.php?rest_route=\/wp\/v2\/pages\/309","targetHints":{"allow":["GET"]}}],"collection":[{"href":"https:\/\/cxn.fr\/index.php?rest_route=\/wp\/v2\/pages"}],"about":[{"href":"https:\/\/cxn.fr\/index.php?rest_route=\/wp\/v2\/types\/page"}],"author":[{"embeddable":true,"href":"https:\/\/cxn.fr\/index.php?rest_route=\/wp\/v2\/users\/1"}],"replies":[{"embeddable":true,"href":"https:\/\/cxn.fr\/index.php?rest_route=%2Fwp%2Fv2%2Fcomments&post=309"}],"version-history":[{"count":7,"href":"https:\/\/cxn.fr\/index.php?rest_route=\/wp\/v2\/pages\/309\/revisions"}],"predecessor-version":[{"id":480,"href":"https:\/\/cxn.fr\/index.php?rest_route=\/wp\/v2\/pages\/309\/revisions\/480"}],"wp:attachment":[{"href":"https:\/\/cxn.fr\/index.php?rest_route=%2Fwp%2Fv2%2Fmedia&parent=309"}],"curies":[{"name":"wp","href":"https:\/\/api.w.org\/{rel}","templated":true}]}}