{"id":321,"date":"2022-02-16T15:58:33","date_gmt":"2022-02-16T14:58:33","guid":{"rendered":"https:\/\/cxn.fr\/?page_id=321"},"modified":"2025-05-11T20:02:03","modified_gmt":"2025-05-11T18:02:03","slug":"cable-coaxial-dans-le-rhone","status":"publish","type":"page","link":"https:\/\/cxn.fr\/?page_id=321","title":{"rendered":"C\u00e2ble coaxial dans le Rh\u00f4ne"},"content":{"rendered":"\n<p><em>Petites histoires : Num\u00e9ricable avait modernis\u00e9 son r\u00e9seau dans le Rh\u00f4ne vers 2010 pour proposer des offres \u00e0 100 Mbps*. Num\u00e9ricable avait rachet\u00e9 SFR en 2014. Num\u00e9ricable a par la suite pr\u00e9f\u00e9r\u00e9 garder la marque SFR, car plus populaire. SFR a \u00e9t\u00e9 condamn\u00e9 pour de la fausse fibre optique (c\u00e2ble coaxial)<\/em>.<\/p>\n\n\n\n<p class=\"has-vivid-red-color has-text-color has-link-color wp-elements-c37c5a2e11742721360a5fdaf1e533c8\"><em>Sources :&nbsp;<a href=\"http:\/\/web.archive.org\/web\/20131017223105\/https:\/\/www.degroupnews.com\/actualite\/n4620-tnt_hd-television-tres_haut_debit-haute_definition-numericable.html\" target=\"_blank\" rel=\"noreferrer noopener\">https:\/\/www.degroupnews.com\/actualite\/n4620-tnt_hd-television-tres_haut_debit-haute_definition-numericable.html<\/a>,&nbsp;<a href=\"https:\/\/blog.degrouptest.com\/rachat-sfr-numericable-altice-bouygues-concurrence\" target=\"_blank\" rel=\"noreferrer noopener\">https:\/\/blog.degrouptest.com\/rachat-sfr-numericable-altice-bouygues-concurrence<\/a>,&nbsp;<a href=\"https:\/\/www.quechoisir.org\/actualite-fibre-ou-cable-sfr-condamne-pour-de-la-fausse-fibre-optique-n84127\/\" target=\"_blank\" rel=\"noreferrer noopener\">https:\/\/www.quechoisir.org\/actualite-fibre-ou-cable-sfr-condamne-pour-de-la-fausse-fibre-optique-n84127\/<\/a><\/em><\/p>\n\n\n\n<p class=\"has-vivid-red-color has-text-color has-link-color wp-elements-5f6fe58bb0a5fae374e3bf28cde7756a\"><a href=\"https:\/\/cxn.fr\/?page_id=370\" data-type=\"page\" data-id=\"370\">Le r\u00e9seau EPARI g\u00e9r\u00e9 auparavant par SFR\/Num\u00e9ricable a \u00e9t\u00e9 rachet\u00e9 par Infra corp SAS<\/a><\/p>\n\n\n\n<h2 class=\"wp-block-heading\" id=\"carte-du-reseau-cable-coaxial-dans-le-rhone\">Carte du r\u00e9seau c\u00e2ble coaxial dans le Rh\u00f4ne<\/h2>\n\n\n\n<figure class=\"wp-block-image size-large\"><img data-recalc-dims=\"1\"  title=\"\" loading=\"lazy\" decoding=\"async\" width=\"640\" height=\"848\" src=\"https:\/\/i0.wp.com\/cxn.fr\/wp-content\/uploads\/2022\/02\/carte-rhone-cable-773x1024.png?resize=640%2C848&#038;ssl=1\"  alt=\"carte-rhone-cable-773x1024 C\u00e2ble coaxial dans le Rh\u00f4ne\"  class=\"wp-image-322\" srcset=\"https:\/\/i0.wp.com\/cxn.fr\/wp-content\/uploads\/2022\/02\/carte-rhone-cable.png?resize=773%2C1024&amp;ssl=1 773w, https:\/\/i0.wp.com\/cxn.fr\/wp-content\/uploads\/2022\/02\/carte-rhone-cable.png?resize=226%2C300&amp;ssl=1 226w, https:\/\/i0.wp.com\/cxn.fr\/wp-content\/uploads\/2022\/02\/carte-rhone-cable.png?resize=768%2C1018&amp;ssl=1 768w, https:\/\/i0.wp.com\/cxn.fr\/wp-content\/uploads\/2022\/02\/carte-rhone-cable.png?w=800&amp;ssl=1 800w\" sizes=\"auto, (max-width: 640px) 100vw, 640px\" \/><\/figure>\n\n\n\n<p>Pour plus d\u2019informations, consultez la page suivante : <a href=\"https:\/\/www.sfr.fr\/carte-couverture-reseau-sfr-fibre-optique\/\"><mark style=\"background-color:rgba(0, 0, 0, 0)\" class=\"has-inline-color has-vivid-red-color\">https:\/\/www.sfr.fr\/carte-couverture-reseau-sfr-fibre-optique\/<\/mark><\/a><\/p>\n\n\n\n<p>Vous s\u00e9lectionnez uniquement \u00ab THD \u00bb<\/p>\n\n\n\n<h2 class=\"wp-block-heading\" id=\"comment-savoir-si-vous-avez-bien-la-fibre-de-sfr-et-non-le-cable\">Comment savoir si vous avez bien la fibre de SFR et non le c\u00e2ble ?<\/h2>\n\n\n\n<h2 class=\"wp-block-heading\" id=\"1-la-facture\">1. La facture<\/h2>\n\n\n\n<p>Vous pouvez le savoir en regardant votre facture. Si votre facture d\u2019abonnement mentionne \u00ab&nbsp;Box THD&nbsp;\u00bb c\u2019est que vous \u00eates raccord\u00e9 au c\u00e2ble. (THD : Tr\u00e8s Haut D\u00e9bit).<\/p>\n\n\n\n<p>Si votre facture d\u2019abonnement mentionne \u00ab&nbsp;Box fibre&nbsp;\u00bb c\u2019est que vous \u00eates raccord\u00e9 \u00e0 la fibre optique et la vraie !<\/p>\n\n\n\n<h2 class=\"wp-block-heading\" id=\"2-l-arriere-de-la-box\">2. L\u2019arri\u00e8re de la box<\/h2>\n\n\n\n<p>Si vous avez un c\u00e2ble d\u2019une certaine \u00e9paisseur et qui se visse \u00e0 l\u2019arri\u00e8re de la box, c\u2019est que vous avez le c\u00e2ble.<\/p>\n\n\n\n<figure class=\"wp-block-image is-resized\"><img data-recalc-dims=\"1\"  title=\"\" loading=\"lazy\" decoding=\"async\" width=\"404\" height=\"201\" src=\"https:\/\/i0.wp.com\/cxn.fr\/wp-content\/uploads\/2021\/10\/cable.png?resize=404%2C201&#038;ssl=1\"  alt=\"cable C\u00e2ble coaxial dans le Rh\u00f4ne\"  class=\"wp-image-156\" style=\"width:643px;height:auto\" srcset=\"https:\/\/i0.wp.com\/cxn.fr\/wp-content\/uploads\/2021\/10\/cable.png?w=404&amp;ssl=1 404w, https:\/\/i0.wp.com\/cxn.fr\/wp-content\/uploads\/2021\/10\/cable.png?resize=300%2C149&amp;ssl=1 300w\" sizes=\"auto, (max-width: 404px) 100vw, 404px\" \/><figcaption class=\"wp-element-caption\">Capture d\u2019image d\u2019une vid\u00e9o :&nbsp;<a rel=\"noreferrer noopener\" href=\"https:\/\/www.youtube.com\/watch?v=EPaLYgsdvow\" target=\"_blank\">https:\/\/www.youtube.com\/watch?v=EPaLYgsdvow<\/a><\/figcaption><\/figure>\n\n\n\n<h2 class=\"wp-block-heading\" id=\"3-le-debit-internet\">3. Le d\u00e9bit internet<\/h2>\n\n\n\n<p>SFR propose dans le Rh\u00f4ne (hors Lyon M\u00e9tropole) un abonnement c\u00e2ble jusqu\u2019\u00e0 100 Mb\/s* en r\u00e9ception (t\u00e9l\u00e9chargement, descendant) et jusqu\u2019\u00e0 5 Mb\/s* en \u00e9mission (envoi, ascendant).<\/p>\n\n\n\n<h2 class=\"wp-block-heading\" id=\"exemple-de-test-de-debit\">Exemple de test de d\u00e9bit<\/h2>\n\n\n\n<figure class=\"wp-block-image\"><img data-recalc-dims=\"1\"  title=\"\" loading=\"lazy\" decoding=\"async\" width=\"640\" height=\"374\" src=\"https:\/\/i0.wp.com\/cxn.fr\/wp-content\/uploads\/2021\/10\/sfrtest.png?resize=640%2C374&#038;ssl=1\"  alt=\"sfrtest C\u00e2ble coaxial dans le Rh\u00f4ne\"  class=\"wp-image-166\" srcset=\"https:\/\/i0.wp.com\/cxn.fr\/wp-content\/uploads\/2021\/10\/sfrtest.png?w=930&amp;ssl=1 930w, https:\/\/i0.wp.com\/cxn.fr\/wp-content\/uploads\/2021\/10\/sfrtest.png?resize=300%2C175&amp;ssl=1 300w, https:\/\/i0.wp.com\/cxn.fr\/wp-content\/uploads\/2021\/10\/sfrtest.png?resize=768%2C449&amp;ssl=1 768w\" sizes=\"auto, (max-width: 640px) 100vw, 640px\" \/><\/figure>\n\n\n\n<p>Cependant, le d\u00e9bit en t\u00e9l\u00e9chargement (descendant) reste un tr\u00e8s bon d\u00e9bit pour par exemple regarder un film ou une cha\u00eene TV en 4K. Id\u00e9al pour une famille nombreuse.<\/p>\n\n\n\n<p>Le d\u00e9bit en envoi (ascendant) par contre est tr\u00e8s limit\u00e9, il faut prendre son mal en patience pour envoyer une vid\u00e9o en Full HD ou en 4K par exemple. Pour un envoi d\u2019un e-mail avec une image ou une vid\u00e9o, cela reste tr\u00e8s correct.<\/p>\n\n\n\n<p class=\"has-vivid-red-color has-text-color has-link-color wp-elements-2d76b115c294e857b6dac9161ff2e186\"><a href=\"http:\/\/cxn.speedtestcustom.com\/\" target=\"_blank\" rel=\"noreferrer noopener\">Vous pouvez, si vous le souhaitez de faire un test de d\u00e9bit en cliquant ici<\/a><\/p>\n\n\n\n<p>Rien ne remplace la vraie fibre optique dont les d\u00e9bits (t\u00e9l\u00e9chargement et envoi) sont sup\u00e9rieurs.<\/p>\n\n\n\n<p>La fibre optique de SFR propose jusqu\u2019\u00e0 8 Gb\/s (8 000 Mb\/s*) en t\u00e9l\u00e9chargement et jusqu\u2019\u00e0 8 Gb\/s (8 000 Mb\/s*) en envoi.<\/p>\n\n\n\n<p>Ce qui est parfait pour les jeux vid\u00e9o, regarder des vid\u00e9os et TV en 4K sur plusieurs appareils et l\u2019envoi de gros fichiers comme envoyer plusieurs vid\u00e9os 4K en m\u00eame temps.<\/p>\n\n\n\n<h2 class=\"wp-block-heading\" id=\"lexique\">Lexique<\/h2>\n\n\n\n<p>Mb\/s ou Mbps =&nbsp;<strong>M<\/strong>\u00e9ga<strong>b<\/strong>it&nbsp;<strong>p<\/strong>ar&nbsp;<strong>s<\/strong>econde est une unit\u00e9 de mesure de vitesse de transfert des donn\u00e9es sur internet<\/p>\n","protected":false},"excerpt":{"rendered":"<p>Petites histoires : Num\u00e9ricable avait modernis\u00e9 son r\u00e9seau dans le Rh\u00f4ne vers 2010 pour proposer des offres \u00e0 100 Mbps*. Num\u00e9ricable avait rachet\u00e9 SFR en 2014. Num\u00e9ricable a par la suite pr\u00e9f\u00e9r\u00e9 garder la marque SFR, car plus populaire. SFR a \u00e9t\u00e9 condamn\u00e9 pour de la fausse fibre optique (c\u00e2ble coaxial). Sources :&nbsp;https:\/\/www.degroupnews.com\/actualite\/n4620-tnt_hd-television-tres_haut_debit-haute_definition-numericable.html,&nbsp;https:\/\/blog.degrouptest.com\/rachat-sfr-numericable-altice-bouygues-concurrence,&nbsp;https:\/\/www.quechoisir.org\/actualite-fibre-ou-cable-sfr-condamne-pour-de-la-fausse-fibre-optique-n84127\/ Le r\u00e9seau [&hellip;]<\/p>\n","protected":false},"author":1,"featured_media":0,"parent":309,"menu_order":1,"comment_status":"closed","ping_status":"closed","template":"","meta":{"jetpack_post_was_ever_published":false,"footnotes":""},"class_list":["post-321","page","type-page","status-publish","hentry"],"jetpack-related-posts":[],"jetpack_sharing_enabled":true,"_links":{"self":[{"href":"https:\/\/cxn.fr\/index.php?rest_route=\/wp\/v2\/pages\/321","targetHints":{"allow":["GET"]}}],"collection":[{"href":"https:\/\/cxn.fr\/index.php?rest_route=\/wp\/v2\/pages"}],"about":[{"href":"https:\/\/cxn.fr\/index.php?rest_route=\/wp\/v2\/types\/page"}],"author":[{"embeddable":true,"href":"https:\/\/cxn.fr\/index.php?rest_route=\/wp\/v2\/users\/1"}],"replies":[{"embeddable":true,"href":"https:\/\/cxn.fr\/index.php?rest_route=%2Fwp%2Fv2%2Fcomments&post=321"}],"version-history":[{"count":10,"href":"https:\/\/cxn.fr\/index.php?rest_route=\/wp\/v2\/pages\/321\/revisions"}],"predecessor-version":[{"id":505,"href":"https:\/\/cxn.fr\/index.php?rest_route=\/wp\/v2\/pages\/321\/revisions\/505"}],"up":[{"embeddable":true,"href":"https:\/\/cxn.fr\/index.php?rest_route=\/wp\/v2\/pages\/309"}],"wp:attachment":[{"href":"https:\/\/cxn.fr\/index.php?rest_route=%2Fwp%2Fv2%2Fmedia&parent=321"}],"curies":[{"name":"wp","href":"https:\/\/api.w.org\/{rel}","templated":true}]}}