{"id":388,"date":"2022-11-30T22:47:38","date_gmt":"2022-11-30T21:47:38","guid":{"rendered":"https:\/\/cxn.fr\/?page_id=388"},"modified":"2025-05-11T18:51:28","modified_gmt":"2025-05-11T16:51:28","slug":"pmz-armoire-fibre-orange-brindas","status":"publish","type":"page","link":"https:\/\/cxn.fr\/?page_id=388","title":{"rendered":"PMZ (armoire fibre) Orange Brindas"},"content":{"rendered":"\n<h2 class=\"wp-block-heading\">Carte des armoires de fibre optique (PMZ) \u00e0 Brindas<\/h2>\n\n\n\n<p><iframe src=\"https:\/\/www.google.com\/maps\/d\/embed?mid=1-GwgysQ8vFA0RexhXmM4pE9lRg6Mio0&amp;ehbc=2E312F\" style=\"height: calc(100vh - 50px); width: 100%; border: none;\"><\/iframe><\/p>\n\n\n\n<h2 class=\"wp-block-heading has-vivid-red-color has-text-color has-link-color wp-elements-60519878e3e59ad07ec59a045f6b7053\"><a href=\"https:\/\/api.mapbox.com\/styles\/v1\/cxn-brindas\/clb6ruto2000x15qgneeepank.html?title=view&amp;access_token=pk.eyJ1IjoiY3huLWJyaW5kYXMiLCJhIjoiY2xiNnE4anM5MDAyeTN2b2Zyb2sxN3ppMyJ9.V63HCu1NPlHApg2UR2lMgg&amp;zoomwheel=true&amp;fresh=true#13.17\/45.71673\/4.70445\" data-type=\"URL\" data-id=\"https:\/\/api.mapbox.com\/styles\/v1\/cxn-brindas\/clb6ruto2000x15qgneeepank.html?title=view&amp;access_token=pk.eyJ1IjoiY3huLWJyaW5kYXMiLCJhIjoiY2xiNnE4anM5MDAyeTN2b2Zyb2sxN3ppMyJ9.V63HCu1NPlHApg2UR2lMgg&amp;zoomwheel=true&amp;fresh=true#13.17\/45.71673\/4.70445\" target=\"_blank\" rel=\"noreferrer noopener\">Carte compl\u00e8te avec les zones PMZ et \u00e9ligibilit\u00e9 \u00e0 la fibre disponible en cliquant ici<\/a><\/h2>\n","protected":false},"excerpt":{"rendered":"<p>Carte des armoires de fibre optique (PMZ) \u00e0 Brindas Carte compl\u00e8te avec les zones PMZ et \u00e9ligibilit\u00e9 \u00e0 la fibre disponible en cliquant ici<\/p>\n","protected":false},"author":1,"featured_media":0,"parent":145,"menu_order":7,"comment_status":"closed","ping_status":"closed","template":"","meta":{"jetpack_post_was_ever_published":false,"footnotes":""},"class_list":["post-388","page","type-page","status-publish","hentry"],"jetpack-related-posts":[],"jetpack_sharing_enabled":true,"_links":{"self":[{"href":"https:\/\/cxn.fr\/index.php?rest_route=\/wp\/v2\/pages\/388","targetHints":{"allow":["GET"]}}],"collection":[{"href":"https:\/\/cxn.fr\/index.php?rest_route=\/wp\/v2\/pages"}],"about":[{"href":"https:\/\/cxn.fr\/index.php?rest_route=\/wp\/v2\/types\/page"}],"author":[{"embeddable":true,"href":"https:\/\/cxn.fr\/index.php?rest_route=\/wp\/v2\/users\/1"}],"replies":[{"embeddable":true,"href":"https:\/\/cxn.fr\/index.php?rest_route=%2Fwp%2Fv2%2Fcomments&post=388"}],"version-history":[{"count":6,"href":"https:\/\/cxn.fr\/index.php?rest_route=\/wp\/v2\/pages\/388\/revisions"}],"predecessor-version":[{"id":485,"href":"https:\/\/cxn.fr\/index.php?rest_route=\/wp\/v2\/pages\/388\/revisions\/485"}],"up":[{"embeddable":true,"href":"https:\/\/cxn.fr\/index.php?rest_route=\/wp\/v2\/pages\/145"}],"wp:attachment":[{"href":"https:\/\/cxn.fr\/index.php?rest_route=%2Fwp%2Fv2%2Fmedia&parent=388"}],"curies":[{"name":"wp","href":"https:\/\/api.w.org\/{rel}","templated":true}]}}