{"id":71,"date":"2021-10-08T21:23:36","date_gmt":"2021-10-08T19:23:36","guid":{"rendered":"https:\/\/cxn.fr\/?page_id=71"},"modified":"2025-05-11T20:30:47","modified_gmt":"2025-05-11T18:30:47","slug":"b","status":"publish","type":"page","link":"https:\/\/cxn.fr\/?page_id=71","title":{"rendered":"Brindas Fibre"},"content":{"rendered":"\n<h2 class=\"wp-block-heading\">Regardez votre \u00e9ligibilit\u00e9 \u00e0 la fibre sur la carte en tapant votre adresse puis choisissez votre op\u00e9rateur en dessous de la carte<\/h2>\n\n\n\n<div style=\"text-align: left;\"><img data-recalc-dims=\"1\"  title=\"\"  alt=\"Vert Brindas Fibre\" decoding=\"async\" style=\"width: 32px; height: 32px;\" src=\"https:\/\/i0.wp.com\/cxn.fr\/wp-content\/uploads\/2022\/12\/Vert.png?w=640&#038;ssl=1\"><span style=\"color: rgb(0, 208, 132); font-family: &quot;Open Sans&quot;,&quot;Helvetica Neue&quot;,helvetica,arial,sans-serif; font-size: 16px; font-style: normal; font-weight: 400; letter-spacing: normal; orphans: 2; text-align: left; text-indent: 0px; text-transform: none; white-space: normal; widows: 2; word-spacing: 0px; background-color: rgb(255, 255, 255); display: inline ! important; float: none;\">adresse\n\u00e9ligible \u00e0 la fibre&nbsp;&nbsp;&nbsp;\n<\/span><img data-recalc-dims=\"1\"  title=\"\"  alt=\"Orange Brindas Fibre\" decoding=\"async\" style=\"width: 32px; height: 32px;\" src=\"https:\/\/i0.wp.com\/cxn.fr\/wp-content\/uploads\/2022\/12\/Orange.png?w=640&#038;ssl=1\"><span style=\"color: rgb(252, 185, 0); font-family: &quot;Open Sans&quot;,&quot;Helvetica Neue&quot;,helvetica,arial,sans-serif; font-size: 16px; font-style: normal; font-weight: 400; letter-spacing: normal; orphans: 2; text-align: left; text-indent: 0px; text-transform: none; white-space: normal; widows: 2; word-spacing: 0px; background-color: rgb(255, 255, 255); display: inline ! important; float: none;\">en\ncours de d\u00e9ploiement&nbsp;&nbsp;&nbsp; <\/span><img data-recalc-dims=\"1\"  title=\"\"  alt=\"Jaune-orange Brindas Fibre\" decoding=\"async\" style=\"width: 32px; height: 32px;\" src=\"https:\/\/i0.wp.com\/cxn.fr\/wp-content\/uploads\/2022\/12\/Jaune-orange.png?w=640&#038;ssl=1\"><span style=\"color: rgb(252, 185, 0); font-family: &quot;Open Sans&quot;,&quot;Helvetica Neue&quot;,helvetica,arial,sans-serif; font-size: 16px; font-style: normal; font-weight: 400; letter-spacing: normal; orphans: 2; text-align: left; text-indent: 0px; text-transform: none; white-space: normal; widows: 2; word-spacing: 0px; background-color: rgb(255, 255, 255); display: inline ! important; float: none;\">accord\ntrouv\u00e9&nbsp;&nbsp;&nbsp; <\/span><img data-recalc-dims=\"1\"  title=\"\"  alt=\"Violet Brindas Fibre\" decoding=\"async\" style=\"width: 32px; height: 32px;\" src=\"https:\/\/i0.wp.com\/cxn.fr\/wp-content\/uploads\/2022\/12\/Violet.png?w=640&#038;ssl=1\"><span style=\"color: rgb(155, 81, 224); font-family: &quot;Open Sans&quot;,&quot;Helvetica Neue&quot;,helvetica,arial,sans-serif; font-size: 16px; font-style: normal; font-weight: 400; letter-spacing: normal; orphans: 2; text-align: left; text-indent: 0px; text-transform: none; white-space: normal; widows: 2; word-spacing: 0px; background-color: rgb(255, 255, 255); display: inline ! important; float: none;\">adresse\nindex\u00e9e\/accord non trouv\u00e9<br>\n<\/span>\n<br>\n<img data-recalc-dims=\"1\"  title=\"\"  alt=\"PMZ Brindas Fibre\" decoding=\"async\" style=\"width: 22px; height: 24px;\" src=\"https:\/\/i0.wp.com\/cxn.fr\/wp-content\/uploads\/2022\/12\/PMZ.png?w=640&#038;ssl=1\"><span style=\"color: rgb(0, 0, 0); font-family: &quot;Open Sans&quot;,&quot;Helvetica Neue&quot;,helvetica,arial,sans-serif; font-size: 16px; font-style: normal; font-weight: 400; letter-spacing: normal; orphans: 2; text-align: left; text-indent: 0px; text-transform: none; white-space: normal; widows: 2; word-spacing: 0px; background-color: rgb(255, 255, 255); display: inline ! important; float: none;\">PMZ\n(armoire fibre optique)\n<\/span>\n<p class=\"has-black-color has-text-color\"><\/p>\n<\/div>\n\n\n\n<p><iframe src=\"https:\/\/www.google.com\/maps\/d\/embed?mid=1fI09d5TbWRElZKfkItn3oR0F8a5_u74&#038;ehbc=2E312F\" style=\"height: calc(100vh - 50px); width: 100%; border: none;\"><\/iframe><\/p>\n\n\n\n<p>Carte mise \u00e0 jour le : 01\/01\/2025<\/p>\n\n\n\n<h2 class=\"wp-block-heading\">Choisissez votre op\u00e9rateur ci-dessous<\/h2>\n\n\n\n<a href=\"https:\/\/m.boutique.orange.fr\/internet\/offres-fibre\"><img data-recalc-dims=\"1\"  title=\"\" decoding=\"async\"  alt=\"langfr-1024px-Orange_logo.svg1_ Brindas Fibre\"  style=\"border: 0px solid ; margin: auto; background-color: rgb(229, 229, 229); width: 98px; height: 98px;\" src=\"https:\/\/i0.wp.com\/cxn.fr\/wp-content\/uploads\/2021\/10\/langfr-1024px-Orange_logo.svg1_.png?w=640&#038;ssl=1\"><\/a><a href=\"https:\/\/shop.sosh.fr\/box-internet\"><img data-recalc-dims=\"1\"  title=\"\" decoding=\"async\"  alt=\"langfr-1920px-Sosh_logo_bleu.svg1_ Brindas Fibre\"  style=\"border: 0px solid ; margin: auto; background-color: rgb(229, 229, 229); width: 194px; height: 98px;\" src=\"https:\/\/i0.wp.com\/cxn.fr\/wp-content\/uploads\/2021\/10\/langfr-1920px-Sosh_logo_bleu.svg1_.png?w=640&#038;ssl=1\"><\/a><a href=\"https:\/\/www.bouyguestelecom.fr\/offres-internet\"><img data-recalc-dims=\"1\"  title=\"\" decoding=\"async\"  alt=\"1920px-Bouygues_Telecom1 Brindas Fibre\"  style=\"border: 0px solid ; margin: auto; background-color: rgb(229, 229, 229); width: 266px; height: 98px;\" src=\"https:\/\/i0.wp.com\/cxn.fr\/wp-content\/uploads\/2021\/10\/1920px-Bouygues_Telecom1.png?w=640&#038;ssl=1\"><\/a><a href=\"https:\/\/www.free.fr\/freebox\/\"><img data-recalc-dims=\"1\"  title=\"\" decoding=\"async\"  alt=\"langfr-1920px-Free_logo.svg1_ Brindas Fibre\"  style=\"border: 0px solid ; margin: auto; background-color: rgb(229, 229, 229); width: 235px; height: 97px;\" src=\"https:\/\/i0.wp.com\/cxn.fr\/wp-content\/uploads\/2021\/10\/langfr-1920px-Free_logo.svg1_.png?w=640&#038;ssl=1\"><\/a><a href=\"https:\/\/www.sfr.fr\/offre-internet\/test-eligibilite-adsl-vdsl-fibre\"><img data-recalc-dims=\"1\"  title=\"\" decoding=\"async\"  alt=\"langfr-1024px-Logo_SFR_2014.svg1_-1 Brindas Fibre\"  style=\"border: 0px solid ; margin: auto; background-color: rgb(229, 229, 229); width: 97px; height: 97px;\" src=\"https:\/\/i0.wp.com\/cxn.fr\/wp-content\/uploads\/2021\/10\/langfr-1024px-Logo_SFR_2014.svg1_-1.png?w=640&#038;ssl=1\"><\/a><a href=\"https:\/\/www.red-by-sfr.fr\/offre-internet\/\"><img data-recalc-dims=\"1\"  title=\"\" decoding=\"async\"  alt=\"langfr-1920px-Logo_Red_By_SFR_2016.svg1_ Brindas Fibre\"  style=\"border: 0px solid ; margin: auto; background-color: rgb(229, 229, 229); width: 164px; height: 95px;\" src=\"https:\/\/i0.wp.com\/cxn.fr\/wp-content\/uploads\/2021\/10\/langfr-1920px-Logo_Red_By_SFR_2016.svg1_.png?w=640&#038;ssl=1\"><\/a>\n\n\n\n<p><\/p>\n\n\n\n<h2 class=\"wp-block-heading has-vivid-red-color has-text-color has-link-color wp-elements-5e8ef62baa951602c8e9f3b8e9834c3b\"><a href=\"https:\/\/boutique.orange.fr\/internet\/interet-fibre\" target=\"_blank\" rel=\"noreferrer noopener\">Pas \u00e9ligible \u00e0 la fibre optique ? Inscrivez-vous \u00e0 la prise d&rsquo;int\u00e9r\u00eat \u00e0 la fibre optique en cliquant ici<\/a><\/h2>\n\n\n\n<p>La prise d&rsquo;int\u00e9r\u00eat \u00e0 la fibre optique permet d&rsquo;\u00eatre inform\u00e9e par SMS ou bien par e-mail lors de l&rsquo;arriv\u00e9e de la Fibre chez vous.<\/p>\n\n\n\n<h2 class=\"wp-block-heading\">Autres informations sur la fibre optique \u00e0 Brindas<\/h2>\n\n\n\n<p>Orange est l&rsquo;op\u00e9rateur d&rsquo;infrastructure fibre optique \u00e0 Brindas. <\/p>\n\n\n\n<p>Les autres op\u00e9rateurs se raccordent aux infrastructures d&rsquo;Orange.<\/p>\n\n\n\n<p class=\"has-vivid-red-color has-text-color has-link-color wp-elements-2a207c1b4810810a3ec346d43cccbd87\">Source : <a rel=\"noreferrer noopener\" href=\"https:\/\/cartefibre.arcep.fr\/\" target=\"_blank\">https:\/\/cartefibre.arcep.fr\/<\/a><\/p>\n\n\n\n<p><\/p>\n\n\n\n<p class=\"has-vivid-red-color has-text-color has-link-color wp-elements-84166b929f115c45f7253b488c50b972\"><strong><a href=\"https:\/\/dommages-reseaux.orange.fr\" data-type=\"URL\" data-id=\"https:\/\/dommages-reseaux.orange.fr\" target=\"_blank\" rel=\"noreferrer noopener\">Vous avez constat\u00e9 un \u00e9quipement t\u00e9l\u00e9com endommag\u00e9 ? Signalez-le en cliquant ici<\/a><\/strong><\/p>\n\n\n\n<p class=\"has-vivid-red-color has-text-color has-link-color wp-elements-da44425ca0d5d49ee1329ad681719262\"><a href=\"http:\/\/cxn.fr\/?page_id=151\" data-type=\"URL\" data-id=\"http:\/\/cxn.fr\/?page_id=151\" target=\"_blank\" rel=\"noreferrer noopener\">SFR a aussi un r\u00e9seau c\u00e2bl\u00e9 (Num\u00e9ricable) \u00e0 ne pas confondre avec la fibre optique plus d&rsquo;infos en cliquant ici<\/a><\/p>\n","protected":false},"excerpt":{"rendered":"<p>Regardez votre \u00e9ligibilit\u00e9 \u00e0 la fibre sur la carte en tapant votre adresse puis choisissez votre op\u00e9rateur en dessous de la carte adresse \u00e9ligible \u00e0 la fibre&nbsp;&nbsp;&nbsp; en cours de d\u00e9ploiement&nbsp;&nbsp;&nbsp; accord trouv\u00e9&nbsp;&nbsp;&nbsp; adresse index\u00e9e\/accord non trouv\u00e9 PMZ (armoire fibre optique) Carte mise \u00e0 jour le : 01\/01\/2025 Choisissez votre op\u00e9rateur ci-dessous Pas \u00e9ligible \u00e0 [&hellip;]<\/p>\n","protected":false},"author":1,"featured_media":0,"parent":145,"menu_order":1,"comment_status":"closed","ping_status":"closed","template":"","meta":{"jetpack_post_was_ever_published":false,"footnotes":""},"class_list":["post-71","page","type-page","status-publish","hentry"],"jetpack-related-posts":[],"jetpack_sharing_enabled":true,"_links":{"self":[{"href":"https:\/\/cxn.fr\/index.php?rest_route=\/wp\/v2\/pages\/71","targetHints":{"allow":["GET"]}}],"collection":[{"href":"https:\/\/cxn.fr\/index.php?rest_route=\/wp\/v2\/pages"}],"about":[{"href":"https:\/\/cxn.fr\/index.php?rest_route=\/wp\/v2\/types\/page"}],"author":[{"embeddable":true,"href":"https:\/\/cxn.fr\/index.php?rest_route=\/wp\/v2\/users\/1"}],"replies":[{"embeddable":true,"href":"https:\/\/cxn.fr\/index.php?rest_route=%2Fwp%2Fv2%2Fcomments&post=71"}],"version-history":[{"count":45,"href":"https:\/\/cxn.fr\/index.php?rest_route=\/wp\/v2\/pages\/71\/revisions"}],"predecessor-version":[{"id":498,"href":"https:\/\/cxn.fr\/index.php?rest_route=\/wp\/v2\/pages\/71\/revisions\/498"}],"up":[{"embeddable":true,"href":"https:\/\/cxn.fr\/index.php?rest_route=\/wp\/v2\/pages\/145"}],"wp:attachment":[{"href":"https:\/\/cxn.fr\/index.php?rest_route=%2Fwp%2Fv2%2Fmedia&parent=71"}],"curies":[{"name":"wp","href":"https:\/\/api.w.org\/{rel}","templated":true}]}}